{"id":3796,"date":"2017-04-21T14:06:17","date_gmt":"2017-04-21T14:06:17","guid":{"rendered":"http:\/\/fgt.es\/inici\/"},"modified":"2018-04-19T15:19:17","modified_gmt":"2018-04-19T15:19:17","slug":"inici","status":"publish","type":"page","link":"https:\/\/fgt.es\/ca\/","title":{"rendered":"Inici"},"content":{"rendered":"<section class=\"wpb-content-wrapper\">[vc_row full_width=&#8221;stretch_row&#8221; css=&#8221;.vc_custom_1477659332804{margin-top: 50px !important;margin-bottom: 50px !important;padding-top: 50px !important;padding-bottom: 50px !important;}&#8221;][vc_column][vc_column_text]\n<h2 style=\"text-align: center; color: #8a8c98; font-weight: 300;\">FGT i Associats \u00e9s una consultoria que des de fa m\u00e9s de 20 anys, est\u00e0 centrada en exclusiva en la <strong style=\"color: #1e73be; font-weight: bold;\">tramitaci\u00f3 d&#8217;incentius fiscals i captaci\u00f3 d&#8217;ajuts p\u00fablics, nacionals i internacionals per a projectes d&#8217;R+D+i.<\/strong><\/h2>\n[\/vc_column_text][vc_separator color=&#8221;custom&#8221; border_width=&#8221;3&#8243; el_width=&#8221;10&#8243; accent_color=&#8221;#1e73be&#8221;][\/vc_column][\/vc_row][vc_row full_width=&#8221;stretch_row&#8221; gap=&#8221;35&#8243; css=&#8221;.vc_custom_1491574090106{padding-bottom: 30px !important;}&#8221;][vc_column width=&#8221;1\/2&#8243;][vc_single_image image=&#8221;3967&#8243; img_size=&#8221;full&#8221;][\/vc_column][vc_column width=&#8221;1\/2&#8243;][vc_custom_heading text=&#8221;FGT i ASSOCIATS&#8221; font_container=&#8221;tag:h1|font_size:42px|text_align:left|line_height:62px&#8221; use_theme_fonts=&#8221;yes&#8221;][vc_column_text]<strong style=\"color: #252634;\">Consultoria R+D+i.<\/strong><\/p>\n<p style=\"text-align: justify;\">A FGT i Associats entenem que les activitats innovadores s\u00f3n una eina fonamental pel desenvolupament econ\u00f2mic i industrial i un element estrat\u00e8gic per la competitivitat industrial.<\/p>\n<p style=\"text-align: justify;\">Des de FGT i Associats oferim recolzament a les empreses per rendibilitzar les seves activitats de R+D+i a trav\u00e9s de la gesti\u00f3 de la finan\u00e7ament, agilitzant i reduint la carrega de treball del client, en especial la dels t\u00e8cnics i responsables de R+D+i.<\/p>\n<p><strong><a href=\"#serveis\">Els nostres serveis <i class=\"fa fa-long-arrow-right\"><\/i><\/a><\/strong>[\/vc_column_text][\/vc_column][\/vc_row][vc_row css=&#8221;.vc_custom_1492769596371{margin-top: 20px !important;}&#8221; el_id=&#8221;servicios&#8221;][vc_column][vc_separator color=&#8221;custom&#8221; border_width=&#8221;3&#8243; el_width=&#8221;10&#8243; accent_color=&#8221;#1e73be&#8221;][vc_column_text]\n<h3><strong>SERVEIS<\/strong><\/h3>\n[\/vc_column_text][\/vc_column][vc_column width=&#8221;1\/3&#8243;][vc_column_text css=&#8221;.vc_custom_1492769342471{margin-bottom: 0px !important;padding-top: 25px !important;padding-right: 20px !important;padding-bottom: 50px !important;}&#8221;]\n<h3><span style=\"color: #1e73be;\"><strong>Deduccions fiscals R+D+i<\/strong><\/span><\/h3>\n<p style=\"text-align: justify;\">Deducci\u00f3 del Impost sobre Societats del 59% de la despesa en el cas de projectes de Recerca i Desenvolupament, i del 12% en el cas de projectes de Innovaci\u00f3 Tecnol\u00f2gica.<\/p>\n<p><a href=\"https:\/\/fgt.es\/ca\/deduccions-fiscals-per-rdi\/\">M\u00e9s informaci\u00f3<\/a>[\/vc_column_text][\/vc_column][vc_column width=&#8221;1\/3&#8243;][vc_column_text css=&#8221;.vc_custom_1492769353652{margin-bottom: 0px !important;padding-top: 25px !important;padding-right: 20px !important;padding-bottom: 50px !important;padding-left: 20px !important;}&#8221;]\n<h3><span style=\"color: #1e73be;\"><strong>Deduccions fiscals por mostrari t\u00e8xtil<\/strong><\/span><\/h3>\n<p style=\"text-align: justify;\">Deducci\u00f3 en l\u2019Impost sobre Societats del 12% de la despesa en activitats de disseny i definici\u00f3, i materialitzaci\u00f3 de prototips o creaci\u00f3 de prototips i mostrari segons la tipologia de mostrari..<\/p>\n<p><a href=\"https:\/\/fgt.es\/ca\/deduccions-fiscals-per-mostrari-textil\/\">M\u00e9s informaci\u00f3<\/a>[\/vc_column_text][\/vc_column][vc_column width=&#8221;1\/3&#8243;][vc_column_text css=&#8221;.vc_custom_1492769383602{margin-bottom: 0px !important;padding-top: 25px !important;padding-right: 20px !important;padding-bottom: 50px !important;padding-left: 20px !important;}&#8221;]\n<h3><span style=\"color: #1e73be;\"><strong>Bonificacions personal investigador exclusiva R+D+i<\/strong><\/span><\/h3>\n<p style=\"text-align: justify;\">Bonificaci\u00f3 del 40% en les aportacions empresarials a les quotes de la Seguretat Social per el personal dedicat en exclusiva a R+D+i.<\/p>\n<p><a href=\"https:\/\/fgt.es\/ca\/bonificacions-personal-investigador\/\">M\u00e9s informaci\u00f3<\/a>[\/vc_column_text][\/vc_column][\/vc_row][vc_row][vc_column width=&#8221;1\/3&#8243; css=&#8221;.vc_custom_1491572099564{margin-right: 20px !important;}&#8221;][vc_column_text css=&#8221;.vc_custom_1492769395353{margin-bottom: 0px !important;padding-right: 20px !important;padding-bottom: 50px !important;}&#8221;]\n<h3><span style=\"color: #1e73be;\"><strong>Patent box<\/strong><\/span><\/h3>\n<p style=\"text-align: justify;\">Incentiu fiscal en la base imposable per ingressos derivats de la cessi\u00f3 (o transmissi\u00f3 en alguns casos) de determinats actu\u00efs intangibles.<\/p>\n<p><a href=\"https:\/\/fgt.es\/ca\/patent-box\/\">M\u00e9s informaci\u00f3<\/a>[\/vc_column_text][\/vc_column][vc_column width=&#8221;1\/3&#8243;][vc_column_text css=&#8221;.vc_custom_1492769428551{margin-bottom: 0px !important;padding-right: 20px !important;padding-bottom: 50px !important;padding-left: 20px !important;}&#8221;]\n<h3><span style=\"color: #1e73be;\"><strong>Gesti\u00f3 d&#8217;ajuts p\u00fablics<\/strong><\/span><\/h3>\n<p style=\"text-align: justify;\">Gesti\u00f3 dels diferents ajuts p\u00fablics i subvencions per finan\u00e7ar les actuacions i inversions dirigides a la creaci\u00f3 d\u2019ocupaci\u00f3, el creixement, la productivitat i en definitiva la millora de la competitivitat (R+D+i, internacionalitzaci\u00f3, inversi\u00f3 tecnol\u00f2gics, etc&#8230;).<\/p>\n<p><a href=\"https:\/\/fgt.es\/ca\/gestio-dajuts-publics\/\">M\u00e9s informaci\u00f3<\/a>[\/vc_column_text][\/vc_column][vc_column width=&#8221;1\/3&#8243;][\/vc_column][\/vc_row][vc_row full_width=&#8221;stretch_row_content&#8221; gap=&#8221;35&#8243; css=&#8221;.vc_custom_1491574543338{margin-top: 50px !important;background-color: #f4f5f6 !important;background-position: 0 0 !important;background-repeat: no-repeat !important;}&#8221;][vc_column css=&#8221;.vc_custom_1477907239174{background-position: 0 0 !important;background-repeat: no-repeat !important;}&#8221;][vc_row_inner equal_height=&#8221;yes&#8221;][vc_column_inner width=&#8221;1\/2&#8243; css=&#8221;.vc_custom_1524151154205{background-image: url(http:\/\/fgt.es\/wp-content\/uploads\/2016\/11\/aspectes-destacats.jpg?id=3981) !important;background-position: center !important;background-repeat: no-repeat !important;background-size: cover !important;}&#8221;][vc_empty_space][\/vc_column_inner][vc_column_inner width=&#8221;1\/2&#8243; css=&#8221;.vc_custom_1477907788301{padding-top: 80px !important;padding-bottom: 80px !important;}&#8221;][vc_custom_heading text=&#8221;Aspectes m\u00e9s destacats &#8221; font_container=&#8221;tag:h2|font_size:30px|text_align:left|line_height:48px&#8221; use_theme_fonts=&#8221;yes&#8221; css=&#8221;.vc_custom_1491820722006{margin-bottom: 30px !important;padding-right: 50px !important;padding-left: 50px !important;}&#8221;][vc_separator color=&#8221;custom&#8221; align=&#8221;align_left&#8221; border_width=&#8221;3&#8243; el_width=&#8221;10&#8243; accent_color=&#8221;#1e73be&#8221; css=&#8221;.vc_custom_1491820789763{margin-right: 50px !important;margin-bottom: 50px !important;margin-left: 50px !important;}&#8221;][vc_column_text css=&#8221;.vc_custom_1491820766475{padding-right: 50px !important;padding-left: 50px !important;}&#8221;]<div class=\"one_half\"><h3><strong>COMPATIBILITAT<\/strong><\/h3>\n<p>Els ajuts s\u00f3n compatibles amb les deduccions fiscals per R+D+i, i en general amb altres ajuts i les bonificacions pel personal investigador.<\/div> <div class=\"one_half last\"><h3><strong>COMPETITIBITAT<\/strong><\/h3>\n<p>Els ajuts i subvencions impulsen la innovaci\u00f3, internacionalitzaci\u00f3, inversi\u00f3, creaci\u00f3 d&#8217;ocupaci\u00f3 i competitivitat de les empreses.<\/div><div class=\"clear\"><\/div>[\/vc_column_text][\/vc_column_inner][\/vc_row_inner][\/vc_column][\/vc_row][vc_row css=&#8221;.vc_custom_1477994688176{padding-top: 80px !important;padding-bottom: 80px !important;}&#8221;][vc_column width=&#8221;3\/4&#8243;][vc_custom_heading text=&#8221;<strong>AJUTS P\u00daBLICS<\/strong>&#8221; font_container=&#8221;tag:h3|text_align:left&#8221; use_theme_fonts=&#8221;yes&#8221;][vc_column_text]<div class=\"at-blog-cols\"><article id=\"post-3902\" class=\"post post-3902 type-post status-publish format-standard has-post-thumbnail hentry category-industrial-ca  one_third \"><div class=\"at-blog-sc-v1\"><div class=\"at-post-content\"><h2 class=\"at-entry-title\"><a href=\"https:\/\/fgt.es\/ca\/reindustrialitzacio-i-enfortiment-de-la-competitivitat-industrial\/\" rel=\"bookmark\">Reindustrialitzaci\u00f3 i enfortiment de la competitivitat industrial<\/a><\/h2><div class=\"at-entry-content\">Suport financer a la inversi\u00f3 industrial.<\/div><\/div><div class=\"at-post-meta\"><span class=\"iva-pm-postin\">24 abril, 2017<\/span><span class=\"iva-meta-likes\"><a href=\"#\" class=\"iva-love\" id=\"iva-love-3902\" title=\"Like this\"><span class=\"iva-love-count\">0<\/span> Likes<\/a><\/span><\/div><\/div><\/article><article id=\"post-3900\" class=\"post post-3900 type-post status-publish format-standard has-post-thumbnail hentry category-catalunya-ca  one_third \"><div class=\"at-blog-sc-v1\"><div class=\"at-post-content\"><h2 class=\"at-entry-title\"><a href=\"https:\/\/fgt.es\/ca\/nuclis-dinnovacio-tecnologica-nuclis-nacionals\/\" rel=\"bookmark\">Nuclis d&#8217;innovaci\u00f3 tecnol\u00f2gica &#8211; nuclis nacionals<\/a><\/h2><div class=\"at-entry-content\">Ajuts destinats a incentivar la realitzaci\u00f3, de forma individual o col\u00b7laborativa, d'activitats de R+D dutes a terme a Catalunya.<\/div><\/div><div class=\"at-post-meta\"><span class=\"iva-pm-postin\">24 abril, 2017<\/span><span class=\"iva-meta-likes\"><a href=\"#\" class=\"iva-love\" id=\"iva-love-3900\" title=\"Like this\"><span class=\"iva-love-count\">0<\/span> Likes<\/a><\/span><\/div><\/div><\/article><article id=\"post-3898\" class=\"post post-3898 type-post status-publish format-standard has-post-thumbnail hentry category-enisa-ca  one_third last \"><div class=\"at-blog-sc-v1\"><div class=\"at-post-content\"><h2 class=\"at-entry-title\"><a href=\"https:\/\/fgt.es\/ca\/enisa-joves-emprenedors\/\" rel=\"bookmark\">Enisa &#8211; joves emprenedors<\/a><\/h2><div class=\"at-entry-content\">Pr\u00e9stec participatiu no convertibles per a PIMES liderades per joves de nova constituci\u00f3.<\/div><\/div><div class=\"at-post-meta\"><span class=\"iva-pm-postin\">24 abril, 2017<\/span><span class=\"iva-meta-likes\"><a href=\"#\" class=\"iva-love\" id=\"iva-love-3898\" title=\"Like this\"><span class=\"iva-love-count\">0<\/span> Likes<\/a><\/span><\/div><\/div><\/article><div class=\"clear\"><\/div><\/div>[\/vc_column_text][\/vc_column][vc_column width=&#8221;1\/4&#8243; css=&#8221;.vc_custom_1491324875406{background-color: #1e73be !important;}&#8221; el_class=&#8221;whitetext&#8221;][vc_column_text css=&#8221;.vc_custom_1492769455187{margin-bottom: 0px !important;padding-top: 50px !important;padding-right: 20px !important;padding-bottom: 50px !important;padding-left: 20px !important;background-color: #1e73be !important;}&#8221;]\n<h3 class=\"whitetext\"><strong>Ajuts p\u00fablics<\/strong><\/h3>\n<p style=\"opacity: 0.7; text-align: justify;\">Consulti des d&#8217;aqu\u00ed les ajudes i subvencions p\u00fabliques m\u00e9s recents totes elles gestionades per FGT<\/p>\n<p style=\"opacity: 0.7; text-align: justify;\">Per a qualsevol consulta poseu-vos en contacte amb FGT i l&#8217;atendrem amb molt de gust.<\/p>\n<p><a class=\"more-link whitetext\" href=\"https:\/\/fgt.es\/ca\/ajuts\/\">CONSULTAR AJUDES<\/a>[\/vc_column_text][\/vc_column][\/vc_row]\n<\/section>","protected":false},"excerpt":{"rendered":"<p>[vc_row full_width=&#8221;stretch_row&#8221; css=&#8221;.vc_custom_1477659332804{margin-top: 50px !important;margin-bottom: 50px !important;padding-top: 50px !important;padding-bottom: 50px !important;}&#8221;][vc_column][vc_column_text] FGT i Associats \u00e9s una consultoria que des de fa m\u00e9s de 20 anys, est\u00e0 centrada en exclusiva en la tramitaci\u00f3 d&#8217;incentius fiscals i captaci\u00f3 d&#8217;ajuts p\u00fablics, nacionals i internacionals per a projectes d&#8217;R+D+i. [\/vc_column_text][vc_separator color=&#8221;custom&#8221; border_width=&#8221;3&#8243; el_width=&#8221;10&#8243; accent_color=&#8221;#1e73be&#8221;][\/vc_column][\/vc_row][vc_row full_width=&#8221;stretch_row&#8221; gap=&#8221;35&#8243; css=&#8221;.vc_custom_1491574090106{padding-bottom: 30px !important;}&#8221;][vc_column [&hellip;]<\/p>\n","protected":false},"author":1,"featured_media":0,"parent":0,"menu_order":0,"comment_status":"closed","ping_status":"closed","template":"","meta":{"footnotes":""},"_links":{"self":[{"href":"https:\/\/fgt.es\/ca\/wp-json\/wp\/v2\/pages\/3796"}],"collection":[{"href":"https:\/\/fgt.es\/ca\/wp-json\/wp\/v2\/pages"}],"about":[{"href":"https:\/\/fgt.es\/ca\/wp-json\/wp\/v2\/types\/page"}],"author":[{"embeddable":true,"href":"https:\/\/fgt.es\/ca\/wp-json\/wp\/v2\/users\/1"}],"replies":[{"embeddable":true,"href":"https:\/\/fgt.es\/ca\/wp-json\/wp\/v2\/comments?post=3796"}],"version-history":[{"count":17,"href":"https:\/\/fgt.es\/ca\/wp-json\/wp\/v2\/pages\/3796\/revisions"}],"predecessor-version":[{"id":3983,"href":"https:\/\/fgt.es\/ca\/wp-json\/wp\/v2\/pages\/3796\/revisions\/3983"}],"wp:attachment":[{"href":"https:\/\/fgt.es\/ca\/wp-json\/wp\/v2\/media?parent=3796"}],"curies":[{"name":"wp","href":"https:\/\/api.w.org\/{rel}","templated":true}]}}